{"id":18,"date":"2023-02-13T13:42:49","date_gmt":"2023-02-13T10:42:49","guid":{"rendered":"https:\/\/hidromek.ee\/?page_id=18"},"modified":"2023-03-09T14:49:55","modified_gmt":"2023-03-09T11:49:55","slug":"landing","status":"publish","type":"page","link":"https:\/\/hidromek.ee\/en\/landing\/","title":{"rendered":"Landing"},"content":{"rendered":"\t\t<div data-elementor-type=\"wp-post\" data-elementor-id=\"18\" class=\"elementor elementor-18\" data-elementor-post-type=\"page\">\n\t\t\t\t\t\t<section class=\"elementor-section elementor-top-section elementor-element elementor-element-fa935a2 elementor-section-boxed elementor-section-height-default elementor-section-height-default\" data-id=\"fa935a2\" data-element_type=\"section\">\n\t\t\t\t\t\t<div class=\"elementor-container elementor-column-gap-default\">\n\t\t\t\t\t<div class=\"elementor-column elementor-col-100 elementor-top-column elementor-element elementor-element-389f9fa\" data-id=\"389f9fa\" data-element_type=\"column\">\n\t\t\t<div class=\"elementor-widget-wrap elementor-element-populated\">\n\t\t\t\t\t\t<div class=\"elementor-element elementor-element-f6d2002 elementor-widget elementor-widget-image\" data-id=\"f6d2002\" data-element_type=\"widget\" data-widget_type=\"image.default\">\n\t\t\t\t<div class=\"elementor-widget-container\">\n\t\t\t<style>\/*! elementor - v3.23.0 - 05-08-2024 *\/\n.elementor-widget-image{text-align:center}.elementor-widget-image a{display:inline-block}.elementor-widget-image a img[src$=\".svg\"]{width:48px}.elementor-widget-image img{vertical-align:middle;display:inline-block}<\/style>\t\t\t\t\t\t\t\t\t\t<img fetchpriority=\"high\" decoding=\"async\" width=\"768\" height=\"75\" src=\"https:\/\/hidromek.ee\/wp-content\/uploads\/2023\/02\/logo-768x75.png\" class=\"attachment-medium_large size-medium_large wp-image-9\" alt=\"\" srcset=\"https:\/\/hidromek.ee\/wp-content\/uploads\/2023\/02\/logo-768x75.png 768w, https:\/\/hidromek.ee\/wp-content\/uploads\/2023\/02\/logo-300x29.png 300w, https:\/\/hidromek.ee\/wp-content\/uploads\/2023\/02\/logo-1024x100.png 1024w, https:\/\/hidromek.ee\/wp-content\/uploads\/2023\/02\/logo-1536x151.png 1536w, https:\/\/hidromek.ee\/wp-content\/uploads\/2023\/02\/logo-2048x201.png 2048w\" sizes=\"(max-width: 768px) 100vw, 768px\" \/>\t\t\t\t\t\t\t\t\t\t\t\t\t<\/div>\n\t\t\t\t<\/div>\n\t\t\t\t\t<\/div>\n\t\t<\/div>\n\t\t\t\t\t<\/div>\n\t\t<\/section>\n\t\t\t\t<section class=\"elementor-section elementor-top-section elementor-element elementor-element-a3cc2a1 elementor-section-boxed elementor-section-height-default elementor-section-height-default\" data-id=\"a3cc2a1\" data-element_type=\"section\">\n\t\t\t\t\t\t<div class=\"elementor-container elementor-column-gap-default\">\n\t\t\t\t\t<div class=\"elementor-column elementor-col-100 elementor-top-column elementor-element elementor-element-e921b7d\" data-id=\"e921b7d\" data-element_type=\"column\">\n\t\t\t<div class=\"elementor-widget-wrap elementor-element-populated\">\n\t\t\t\t\t\t<div class=\"elementor-element elementor-element-9fb41b5 elementor-widget elementor-widget-text-editor\" data-id=\"9fb41b5\" data-element_type=\"widget\" data-widget_type=\"text-editor.default\">\n\t\t\t\t<div class=\"elementor-widget-container\">\n\t\t\t<style>\/*! elementor - v3.23.0 - 05-08-2024 *\/\n.elementor-widget-text-editor.elementor-drop-cap-view-stacked .elementor-drop-cap{background-color:#69727d;color:#fff}.elementor-widget-text-editor.elementor-drop-cap-view-framed .elementor-drop-cap{color:#69727d;border:3px solid;background-color:transparent}.elementor-widget-text-editor:not(.elementor-drop-cap-view-default) .elementor-drop-cap{margin-top:8px}.elementor-widget-text-editor:not(.elementor-drop-cap-view-default) .elementor-drop-cap-letter{width:1em;height:1em}.elementor-widget-text-editor .elementor-drop-cap{float:left;text-align:center;line-height:1;font-size:50px}.elementor-widget-text-editor .elementor-drop-cap-letter{display:inline-block}<\/style>\t\t\t\t<p>KODULEHT ON VALMIMISEL<\/p>\t\t\t\t\t\t<\/div>\n\t\t\t\t<\/div>\n\t\t\t\t\t<\/div>\n\t\t<\/div>\n\t\t\t\t\t<\/div>\n\t\t<\/section>\n\t\t\t\t<section class=\"elementor-section elementor-top-section elementor-element elementor-element-a1c0e54 elementor-section-full_width elementor-section-content-bottom elementor-section-height-default elementor-section-height-default\" data-id=\"a1c0e54\" data-element_type=\"section\">\n\t\t\t\t\t\t<div class=\"elementor-container elementor-column-gap-no\">\n\t\t\t\t\t<div class=\"elementor-column elementor-col-33 elementor-top-column elementor-element elementor-element-46d1c84\" data-id=\"46d1c84\" data-element_type=\"column\">\n\t\t\t<div class=\"elementor-widget-wrap elementor-element-populated\">\n\t\t\t\t\t\t<div class=\"elementor-element elementor-element-640d216 e-transform elementor-hidden-mobile elementor-widget elementor-widget-image\" data-id=\"640d216\" data-element_type=\"widget\" data-settings=\"{&quot;_transform_flipX_effect&quot;:&quot;transform&quot;}\" data-widget_type=\"image.default\">\n\t\t\t\t<div class=\"elementor-widget-container\">\n\t\t\t\t\t\t\t\t\t\t\t\t\t<img decoding=\"async\" width=\"800\" height=\"686\" src=\"https:\/\/hidromek.ee\/wp-content\/uploads\/2023\/02\/traktor1-1024x878.png\" class=\"attachment-large size-large wp-image-53\" alt=\"\" srcset=\"https:\/\/hidromek.ee\/wp-content\/uploads\/2023\/02\/traktor1-1024x878.png 1024w, https:\/\/hidromek.ee\/wp-content\/uploads\/2023\/02\/traktor1-300x257.png 300w, https:\/\/hidromek.ee\/wp-content\/uploads\/2023\/02\/traktor1-768x658.png 768w, https:\/\/hidromek.ee\/wp-content\/uploads\/2023\/02\/traktor1-1536x1317.png 1536w, https:\/\/hidromek.ee\/wp-content\/uploads\/2023\/02\/traktor1-2048x1756.png 2048w\" sizes=\"(max-width: 800px) 100vw, 800px\" \/>\t\t\t\t\t\t\t\t\t\t\t\t\t<\/div>\n\t\t\t\t<\/div>\n\t\t\t\t\t<\/div>\n\t\t<\/div>\n\t\t\t\t<div class=\"elementor-column elementor-col-33 elementor-top-column elementor-element elementor-element-8e3595a\" data-id=\"8e3595a\" data-element_type=\"column\">\n\t\t\t<div class=\"elementor-widget-wrap elementor-element-populated\">\n\t\t\t\t\t\t<div class=\"elementor-element elementor-element-0b250f5 elementor-widget elementor-widget-text-editor\" data-id=\"0b250f5\" data-element_type=\"widget\" data-widget_type=\"text-editor.default\">\n\t\t\t\t<div class=\"elementor-widget-container\">\n\t\t\t\t\t\t\t<p>Alates 2023 on Hidromek ametlik esindaja Eestis<\/p><p><strong>KB AUTO EESTI O\u00dc<\/strong><\/p><p><a href=\"https:\/\/www.google.ee\/maps\/place\/Kooli%2010%20Rummu%20%20%20Harjumaa\" target=\"_blank\" rel=\"noopener\">Kooli tn 10, Rummu alevik, L\u00e4\u00e4ne-Harju vald, Harjumaa 76102<\/a><\/p><p>+372 5884 8688<\/p><p><a href=\"mailto:priit@hidromek.ee\">priit@hidromek.ee<\/a>\u00a0<\/p>\t\t\t\t\t\t<\/div>\n\t\t\t\t<\/div>\n\t\t\t\t\t<\/div>\n\t\t<\/div>\n\t\t\t\t<div class=\"elementor-column elementor-col-33 elementor-top-column elementor-element elementor-element-11d62ad\" data-id=\"11d62ad\" data-element_type=\"column\">\n\t\t\t<div class=\"elementor-widget-wrap elementor-element-populated\">\n\t\t\t\t\t\t<div class=\"elementor-element elementor-element-fb4c9d8 elementor-hidden-mobile elementor-widget elementor-widget-image\" data-id=\"fb4c9d8\" data-element_type=\"widget\" data-widget_type=\"image.default\">\n\t\t\t\t<div class=\"elementor-widget-container\">\n\t\t\t\t\t\t\t\t\t\t\t\t\t<img decoding=\"async\" width=\"800\" height=\"686\" src=\"https:\/\/hidromek.ee\/wp-content\/uploads\/2023\/02\/traktor1-1024x878.png\" class=\"attachment-large size-large wp-image-53\" alt=\"\" srcset=\"https:\/\/hidromek.ee\/wp-content\/uploads\/2023\/02\/traktor1-1024x878.png 1024w, https:\/\/hidromek.ee\/wp-content\/uploads\/2023\/02\/traktor1-300x257.png 300w, https:\/\/hidromek.ee\/wp-content\/uploads\/2023\/02\/traktor1-768x658.png 768w, https:\/\/hidromek.ee\/wp-content\/uploads\/2023\/02\/traktor1-1536x1317.png 1536w, https:\/\/hidromek.ee\/wp-content\/uploads\/2023\/02\/traktor1-2048x1756.png 2048w\" sizes=\"(max-width: 800px) 100vw, 800px\" \/>\t\t\t\t\t\t\t\t\t\t\t\t\t<\/div>\n\t\t\t\t<\/div>\n\t\t\t\t\t<\/div>\n\t\t<\/div>\n\t\t\t\t\t<\/div>\n\t\t<\/section>\n\t\t\t\t<\/div>\n\t\t","protected":false},"excerpt":{"rendered":"<p>KODULEHT ON VALMIMISEL Alates 2023 on Hidromek ametlik esindaja Eestis KB AUTO EESTI O\u00dc Kooli tn 10, Rummu alevik, L\u00e4\u00e4ne-Harju vald, Harjumaa 76102 +372 5884 8688 priit@hidromek.ee\u00a0<\/p>\n","protected":false},"author":1,"featured_media":0,"parent":0,"menu_order":0,"comment_status":"closed","ping_status":"closed","template":"elementor_canvas","meta":{"inline_featured_image":false,"footnotes":""},"class_list":["post-18","page","type-page","status-publish","hentry"],"yoast_head":"<!-- This site is optimized with the Yoast SEO plugin v23.3 - https:\/\/yoast.com\/wordpress\/plugins\/seo\/ -->\n<title>Landing - Hidromek<\/title>\n<meta name=\"robots\" content=\"index, follow, max-snippet:-1, max-image-preview:large, max-video-preview:-1\" \/>\n<link rel=\"canonical\" href=\"https:\/\/hidromek.ee\/en\/landing\/\" \/>\n<script type=\"application\/ld+json\" class=\"yoast-schema-graph\">{\"@context\":\"https:\/\/schema.org\",\"@graph\":[{\"@type\":\"WebPage\",\"@id\":\"https:\/\/hidromek.ee\/en\/landing\/\",\"url\":\"https:\/\/hidromek.ee\/en\/landing\/\",\"name\":\"Landing - Hidromek\",\"isPartOf\":{\"@id\":\"https:\/\/hidromek.ee\/en\/#website\"},\"primaryImageOfPage\":{\"@id\":\"https:\/\/hidromek.ee\/en\/landing\/#primaryimage\"},\"image\":{\"@id\":\"https:\/\/hidromek.ee\/en\/landing\/#primaryimage\"},\"thumbnailUrl\":\"https:\/\/hidromek.ee\/wp-content\/uploads\/2023\/02\/logo-768x75.png\",\"datePublished\":\"2023-02-13T10:42:49+00:00\",\"dateModified\":\"2023-03-09T11:49:55+00:00\",\"breadcrumb\":{\"@id\":\"https:\/\/hidromek.ee\/en\/landing\/#breadcrumb\"},\"inLanguage\":\"en-US\",\"potentialAction\":[{\"@type\":\"ReadAction\",\"target\":[\"https:\/\/hidromek.ee\/en\/landing\/\"]}]},{\"@type\":\"ImageObject\",\"inLanguage\":\"en-US\",\"@id\":\"https:\/\/hidromek.ee\/en\/landing\/#primaryimage\",\"url\":\"https:\/\/hidromek.ee\/wp-content\/uploads\/2023\/02\/logo-768x75.png\",\"contentUrl\":\"https:\/\/hidromek.ee\/wp-content\/uploads\/2023\/02\/logo-768x75.png\"},{\"@type\":\"BreadcrumbList\",\"@id\":\"https:\/\/hidromek.ee\/en\/landing\/#breadcrumb\",\"itemListElement\":[{\"@type\":\"ListItem\",\"position\":1,\"name\":\"Hidromek\",\"item\":\"https:\/\/hidromek.ee\/en\/\"},{\"@type\":\"ListItem\",\"position\":2,\"name\":\"Landing\"}]},{\"@type\":\"WebSite\",\"@id\":\"https:\/\/hidromek.ee\/en\/#website\",\"url\":\"https:\/\/hidromek.ee\/en\/\",\"name\":\"Hidromek\",\"description\":\"\",\"publisher\":{\"@id\":\"https:\/\/hidromek.ee\/en\/#organization\"},\"potentialAction\":[{\"@type\":\"SearchAction\",\"target\":{\"@type\":\"EntryPoint\",\"urlTemplate\":\"https:\/\/hidromek.ee\/en\/?s={search_term_string}\"},\"query-input\":\"required name=search_term_string\"}],\"inLanguage\":\"en-US\"},{\"@type\":\"Organization\",\"@id\":\"https:\/\/hidromek.ee\/en\/#organization\",\"name\":\"Hidromek\",\"url\":\"https:\/\/hidromek.ee\/en\/\",\"logo\":{\"@type\":\"ImageObject\",\"inLanguage\":\"en-US\",\"@id\":\"https:\/\/hidromek.ee\/en\/#\/schema\/logo\/image\/\",\"url\":\"https:\/\/hidromek.ee\/wp-content\/uploads\/2023\/02\/logo.png\",\"contentUrl\":\"https:\/\/hidromek.ee\/wp-content\/uploads\/2023\/02\/logo.png\",\"width\":2181,\"height\":214,\"caption\":\"Hidromek\"},\"image\":{\"@id\":\"https:\/\/hidromek.ee\/en\/#\/schema\/logo\/image\/\"}}]}<\/script>\n<!-- \/ Yoast SEO plugin. -->","yoast_head_json":{"title":"Landing - Hidromek","robots":{"index":"index","follow":"follow","max-snippet":"max-snippet:-1","max-image-preview":"max-image-preview:large","max-video-preview":"max-video-preview:-1"},"canonical":"https:\/\/hidromek.ee\/en\/landing\/","schema":{"@context":"https:\/\/schema.org","@graph":[{"@type":"WebPage","@id":"https:\/\/hidromek.ee\/en\/landing\/","url":"https:\/\/hidromek.ee\/en\/landing\/","name":"Landing - Hidromek","isPartOf":{"@id":"https:\/\/hidromek.ee\/en\/#website"},"primaryImageOfPage":{"@id":"https:\/\/hidromek.ee\/en\/landing\/#primaryimage"},"image":{"@id":"https:\/\/hidromek.ee\/en\/landing\/#primaryimage"},"thumbnailUrl":"https:\/\/hidromek.ee\/wp-content\/uploads\/2023\/02\/logo-768x75.png","datePublished":"2023-02-13T10:42:49+00:00","dateModified":"2023-03-09T11:49:55+00:00","breadcrumb":{"@id":"https:\/\/hidromek.ee\/en\/landing\/#breadcrumb"},"inLanguage":"en-US","potentialAction":[{"@type":"ReadAction","target":["https:\/\/hidromek.ee\/en\/landing\/"]}]},{"@type":"ImageObject","inLanguage":"en-US","@id":"https:\/\/hidromek.ee\/en\/landing\/#primaryimage","url":"https:\/\/hidromek.ee\/wp-content\/uploads\/2023\/02\/logo-768x75.png","contentUrl":"https:\/\/hidromek.ee\/wp-content\/uploads\/2023\/02\/logo-768x75.png"},{"@type":"BreadcrumbList","@id":"https:\/\/hidromek.ee\/en\/landing\/#breadcrumb","itemListElement":[{"@type":"ListItem","position":1,"name":"Hidromek","item":"https:\/\/hidromek.ee\/en\/"},{"@type":"ListItem","position":2,"name":"Landing"}]},{"@type":"WebSite","@id":"https:\/\/hidromek.ee\/en\/#website","url":"https:\/\/hidromek.ee\/en\/","name":"Hidromek","description":"","publisher":{"@id":"https:\/\/hidromek.ee\/en\/#organization"},"potentialAction":[{"@type":"SearchAction","target":{"@type":"EntryPoint","urlTemplate":"https:\/\/hidromek.ee\/en\/?s={search_term_string}"},"query-input":"required name=search_term_string"}],"inLanguage":"en-US"},{"@type":"Organization","@id":"https:\/\/hidromek.ee\/en\/#organization","name":"Hidromek","url":"https:\/\/hidromek.ee\/en\/","logo":{"@type":"ImageObject","inLanguage":"en-US","@id":"https:\/\/hidromek.ee\/en\/#\/schema\/logo\/image\/","url":"https:\/\/hidromek.ee\/wp-content\/uploads\/2023\/02\/logo.png","contentUrl":"https:\/\/hidromek.ee\/wp-content\/uploads\/2023\/02\/logo.png","width":2181,"height":214,"caption":"Hidromek"},"image":{"@id":"https:\/\/hidromek.ee\/en\/#\/schema\/logo\/image\/"}}]}},"_links":{"self":[{"href":"https:\/\/hidromek.ee\/en\/wp-json\/wp\/v2\/pages\/18","targetHints":{"allow":["GET"]}}],"collection":[{"href":"https:\/\/hidromek.ee\/en\/wp-json\/wp\/v2\/pages"}],"about":[{"href":"https:\/\/hidromek.ee\/en\/wp-json\/wp\/v2\/types\/page"}],"author":[{"embeddable":true,"href":"https:\/\/hidromek.ee\/en\/wp-json\/wp\/v2\/users\/1"}],"replies":[{"embeddable":true,"href":"https:\/\/hidromek.ee\/en\/wp-json\/wp\/v2\/comments?post=18"}],"version-history":[{"count":5,"href":"https:\/\/hidromek.ee\/en\/wp-json\/wp\/v2\/pages\/18\/revisions"}],"predecessor-version":[{"id":1187,"href":"https:\/\/hidromek.ee\/en\/wp-json\/wp\/v2\/pages\/18\/revisions\/1187"}],"wp:attachment":[{"href":"https:\/\/hidromek.ee\/en\/wp-json\/wp\/v2\/media?parent=18"}],"curies":[{"name":"wp","href":"https:\/\/api.w.org\/{rel}","templated":true}]}}